{"id":4982,"date":"2020-04-27T23:29:38","date_gmt":"2020-04-27T21:29:38","guid":{"rendered":"https:\/\/verlag.tu-berlin.de\/?page_id=4982"},"modified":"2020-05-05T13:19:53","modified_gmt":"2020-05-05T11:19:53","slug":"personen-institutionen","status":"publish","type":"page","link":"https:\/\/berlinup.books.tu-berlin.de\/en\/personen-institutionen\/","title":{"rendered":"Persons &#038; Institutions"},"content":{"rendered":"<div class=\"nav-authors\"><div class=\"author-cat active\" data-alpha-l=\"*\">*<\/div><div class='author-cat' data-alpha-l='A'>A<\/div><div class='author-cat' data-alpha-l='B'>B<\/div><div class='author-cat' data-alpha-l='C'>C<\/div><div class='author-cat' data-alpha-l='D'>D<\/div><div class='author-cat' data-alpha-l='F'>F<\/div><div class='author-cat' data-alpha-l='G'>G<\/div><div class='author-cat' data-alpha-l='H'>H<\/div><div class='author-cat' data-alpha-l='I'>I<\/div><div class='author-cat' data-alpha-l='J'>J<\/div><div class='author-cat' data-alpha-l='K'>K<\/div><div class='author-cat' data-alpha-l='L'>L<\/div><div class='author-cat' data-alpha-l='M'>M<\/div><div class='author-cat' data-alpha-l='N'>N<\/div><div class='author-cat' data-alpha-l='O'>O<\/div><div class='author-cat' data-alpha-l='P'>P<\/div><div class='author-cat' data-alpha-l='R'>R<\/div><div class='author-cat' data-alpha-l='S'>S<\/div><div class='author-cat' data-alpha-l='T'>T<\/div><div class='author-cat' data-alpha-l='U'>U<\/div><div class='author-cat' data-alpha-l='V'>V<\/div><div class='author-cat' data-alpha-l='W'>W<\/div><div class='author-cat' data-alpha-l='Z'>Z<\/div><\/div><div class=\"authors-list\"><div class='author-link' data-alpha-cat='A'>A<br><a data-alpha=\"A\" href=\"https:\/\/berlinup.books.tu-berlin.de\/en\/autor_innen\/joseph-oppong-akowuah\/\">Akowuah, Joseph<\/a><br\/><a data-alpha=\"A\" href=\"https:\/\/berlinup.books.tu-berlin.de\/en\/autor_innen\/aylin-akyildiz\/\">Akyildiz, Aylin<\/a><br\/><a data-alpha=\"A\" href=\"https:\/\/berlinup.books.tu-berlin.de\/en\/autor_innen\/natasha-aruri\/\">Aruri, Natasha<\/a><br\/><br><\/div><div class='author-link' data-alpha-cat='B'>B<br><a data-alpha=\"B\" href=\"https:\/\/berlinup.books.tu-berlin.de\/en\/autor_innen\/silke-bartsch\/\">Bartsch, Silke<\/a><br\/><a data-alpha=\"B\" href=\"https:\/\/berlinup.books.tu-berlin.de\/en\/autor_innen\/barbara-bausch\/\">Bausch, Barbara<\/a><br\/><a data-alpha=\"B\" href=\"https:\/\/berlinup.books.tu-berlin.de\/en\/autor_innen\/lukas-behrend\/\">Behrend, Lukas<\/a><br\/><a data-alpha=\"B\" href=\"https:\/\/berlinup.books.tu-berlin.de\/en\/autor_innen\/felix-bentlin\/\">Bentlin, Felix<\/a><br\/><a data-alpha=\"B\" href=\"https:\/\/berlinup.books.tu-berlin.de\/en\/autor_innen\/michael-bergmann\/\">Bergmann, Michael<\/a><br\/><a data-alpha=\"B\" href=\"https:\/\/berlinup.books.tu-berlin.de\/en\/autor_innen\/jeremy-bonvoisin\/\">Bonvoisin, J\u00e9r\u00e9my<\/a><br\/><a data-alpha=\"B\" href=\"https:\/\/berlinup.books.tu-berlin.de\/en\/autor_innen\/ignacio-borrego\/\">Borrego, Ignacio<\/a><br\/><a data-alpha=\"B\" href=\"https:\/\/berlinup.books.tu-berlin.de\/en\/autor_innen\/christine-brombach\/\">Brombach, Christine<\/a><br\/><a data-alpha=\"B\" href=\"https:\/\/berlinup.books.tu-berlin.de\/en\/autor_innen\/andreas-brueck\/\">Br\u00fcck, Andreas<\/a><br\/><a data-alpha=\"B\" href=\"https:\/\/berlinup.books.tu-berlin.de\/en\/autor_innen\/sylvia-butenschoen\/\">Butensch\u00f6n, Sylvia<\/a><br\/><br><\/div><div class='author-link' data-alpha-cat='C'>C<br><a data-alpha=\"C\" href=\"https:\/\/berlinup.books.tu-berlin.de\/en\/autor_innen\/laura-calbet-elias\/\">Calbet Elias, Laura<\/a><br\/><br><\/div><div class='author-link' data-alpha-cat='D'>D<br><a data-alpha=\"D\" href=\"https:\/\/berlinup.books.tu-berlin.de\/en\/autor_innen\/katleen-de-flander\/\">De Flander, Katleen<\/a><br\/><a data-alpha=\"D\" href=\"https:\/\/berlinup.books.tu-berlin.de\/en\/autor_innen\/elies-dekoninck\/\">Dekoninck, Elies<\/a><br\/><br><\/div><div class='author-link' data-alpha-cat='F'>F<br><a data-alpha=\"F\" href=\"https:\/\/berlinup.books.tu-berlin.de\/en\/autor_innen\/karoline-fahl\/\">Fahl, Karoline<\/a><br\/><br><\/div><div class='author-link' data-alpha-cat='G'>G<br><a data-alpha=\"G\" href=\"https:\/\/berlinup.books.tu-berlin.de\/en\/autor_innen\/michael-gamper\/\">Gamper, Michael<\/a><br\/><a data-alpha=\"G\" href=\"https:\/\/berlinup.books.tu-berlin.de\/en\/autor_innen\/paul-gellert\/\">Gellert, Paul<\/a><br\/><a data-alpha=\"G\" href=\"https:\/\/berlinup.books.tu-berlin.de\/en\/autor_innen\/birgit-glasmacher\/\">Glasmacher, Birgit<\/a><br\/><a data-alpha=\"G\" href=\"https:\/\/berlinup.books.tu-berlin.de\/en\/autor_innen\/joerg-h-gleiter\/\">Gleiter, J\u00f6rg H.<\/a><br\/><a data-alpha=\"G\" href=\"https:\/\/berlinup.books.tu-berlin.de\/en\/autor_innen\/samuel-gyamfi\/\">Gyamfi, Samuel<\/a><br\/><a data-alpha=\"G\" href=\"https:\/\/berlinup.books.tu-berlin.de\/en\/autor_innen\/gyoengyver-gyorffy\/\">Gy\u0151rffy, R. Gy\u00f6ngyv\u00e9r<\/a><br\/><br><\/div><div class='author-link' data-alpha-cat='H'>H<br><a data-alpha=\"H\" href=\"https:\/\/berlinup.books.tu-berlin.de\/en\/autor_innen\/anke-hagemann\/\">Hagemann, Anke<\/a><br\/><a data-alpha=\"H\" href=\"https:\/\/berlinup.books.tu-berlin.de\/en\/autor_innen\/frederic-hebbeker\/\">Hebbeker, Frederic<\/a><br\/><a data-alpha=\"H\" href=\"https:\/\/berlinup.books.tu-berlin.de\/en\/autor_innen\/anna-juliane-heinrich\/\">Heinrich, Anna Juliane<\/a><br\/><a data-alpha=\"H\" href=\"https:\/\/berlinup.books.tu-berlin.de\/en\/autor_innen\/wolfram-j-herrmann\/\">Herrmann, Wolfram J.<\/a><br\/><a data-alpha=\"H\" href=\"https:\/\/berlinup.books.tu-berlin.de\/en\/autor_innen\/felicitas-hillmann\/\">Hillmann, Felicitas<\/a><br\/><a data-alpha=\"H\" href=\"https:\/\/berlinup.books.tu-berlin.de\/en\/autor_innen\/adrian-hodgson\/\">Hodgson, Adrian<\/a><br\/><a data-alpha=\"H\" href=\"https:\/\/berlinup.books.tu-berlin.de\/en\/autor_innen\/wolfgang-hottner\/\">Hottner, Wolfgang<\/a><br\/><a data-alpha=\"H\" href=\"https:\/\/berlinup.books.tu-berlin.de\/en\/autor_innen\/xhesika-hoxha\/\">Hoxha, Xhesika<\/a><br\/><br><\/div><div class='author-link' data-alpha-cat='I'>I<br><a data-alpha=\"I\" href=\"https:\/\/berlinup.books.tu-berlin.de\/en\/autor_innen\/fanny-isensee\/\">Isensee, Fanny<\/a><br\/><br><\/div><div class='author-link' data-alpha-cat='J'>J<br><a data-alpha=\"J\" href=\"https:\/\/berlinup.books.tu-berlin.de\/en\/autor_innen\/lars-jenssen-1\/\">Jen\u00dfen, Lars<\/a><br\/><a data-alpha=\"J\" href=\"https:\/\/berlinup.books.tu-berlin.de\/en\/autor_innen\/roland-jochem\/\">Jochem, Roland<\/a><br\/><br><\/div><div class='author-link' data-alpha-cat='K'>K<br><a data-alpha=\"K\" href=\"https:\/\/berlinup.books.tu-berlin.de\/en\/autor_innen\/felix-kapp\/\">Kapp, Felix<\/a><br\/><a data-alpha=\"K\" href=\"https:\/\/berlinup.books.tu-berlin.de\/en\/autor_innen\/steffen-klotz\/\">Klotz, Steffen<\/a><br\/><a data-alpha=\"K\" href=\"https:\/\/berlinup.books.tu-berlin.de\/en\/autor_innen\/karel-kok\/\">Kok, Karel<\/a><br\/><a data-alpha=\"K\" href=\"https:\/\/berlinup.books.tu-berlin.de\/en\/autor_innen\/doris-kolesch\/\">Kolesch, Doris<\/a><br\/><a data-alpha=\"K\" href=\"https:\/\/berlinup.books.tu-berlin.de\/en\/autor_innen\/marc-kraft\/\">Kraft, Marc<\/a><br\/><br><\/div><div class='author-link' data-alpha-cat='L'>L<br><a data-alpha=\"L\" href=\"https:\/\/berlinup.books.tu-berlin.de\/en\/autor_innen\/jan-lazardzig\/\">Lazardzig, Jan<\/a><br\/><a data-alpha=\"L\" href=\"https:\/\/berlinup.books.tu-berlin.de\/en\/autor_innen\/ulf-leser\/\">Leser, Ulf<\/a><br\/><a data-alpha=\"L\" href=\"https:\/\/berlinup.books.tu-berlin.de\/en\/autor_innen\/nija-maria-linke\/\">Linke, Nija-Maria<\/a><br\/><a data-alpha=\"L\" href=\"https:\/\/berlinup.books.tu-berlin.de\/en\/autor_innen\/joerg-longmuss\/\">Longmuss, Joerg<\/a><br\/><br><\/div><div class='author-link' data-alpha-cat='M'>M<br><a data-alpha=\"M\" href=\"https:\/\/berlinup.books.tu-berlin.de\/en\/autor_innen\/tanja-mayer\/\">Mayer, Tanja<\/a><br\/><a data-alpha=\"M\" href=\"https:\/\/berlinup.books.tu-berlin.de\/en\/autor_innen\/vera-meyer\/\">Meyer, Vera<\/a><br\/><a data-alpha=\"M\" href=\"https:\/\/berlinup.books.tu-berlin.de\/en\/autor_innen\/lars-jenssen\/\">Meyer-Jen\u00dfen, Lars<\/a><br\/><a data-alpha=\"M\" href=\"https:\/\/berlinup.books.tu-berlin.de\/en\/autor_innen\/harald-a-mieg\/\">Mieg, Harald A.<\/a><br\/><a data-alpha=\"M\" href=\"https:\/\/berlinup.books.tu-berlin.de\/en\/autor_innen\/robert-mies\/\">Mies, Robert<\/a><br\/><a data-alpha=\"M\" href=\"https:\/\/berlinup.books.tu-berlin.de\/en\/autor_innen\/angela-million\/\">Million, Angela<\/a><br\/><a data-alpha=\"M\" href=\"https:\/\/berlinup.books.tu-berlin.de\/en\/autor_innen\/christian-molter\/\">Molter, Christian<\/a><br\/><a data-alpha=\"M\" href=\"https:\/\/berlinup.books.tu-berlin.de\/en\/autor_innen\/dave-morris\/\">Morris, Dave<\/a><br\/><a data-alpha=\"M\" href=\"https:\/\/berlinup.books.tu-berlin.de\/en\/autor_innen\/sebastian-moeller\/\">M\u00f6ller, Sebastian<\/a><br\/><a data-alpha=\"M\" href=\"https:\/\/berlinup.books.tu-berlin.de\/en\/autor_innen\/heike-mueller\/\">M\u00fcller, Heike<\/a><br\/><a data-alpha=\"M\" href=\"https:\/\/berlinup.books.tu-berlin.de\/en\/autor_innen\/marc-mueller\/\">M\u00fcller, Marc<\/a><br\/><br><\/div><div class='author-link' data-alpha-cat='N'>N<br><a data-alpha=\"N\" href=\"https:\/\/berlinup.books.tu-berlin.de\/en\/autor_innen\/elise-phuong-ha-nguyen\/\">Nguyen, Elise Phuong Ha<\/a><br\/><br><\/div><div class='author-link' data-alpha-cat='O'>O<br><a data-alpha=\"O\" href=\"https:\/\/berlinup.books.tu-berlin.de\/en\/autor_innen\/william-oduro\/\">Oduro, William<\/a><br\/><br><\/div><div class='author-link' data-alpha-cat='P'>P<br><a data-alpha=\"P\" href=\"https:\/\/berlinup.books.tu-berlin.de\/en\/autor_innen\/ralf-pasel\/\">Pasel, Ralf<\/a><br\/><a data-alpha=\"P\" href=\"https:\/\/berlinup.books.tu-berlin.de\/en\/autor_innen\/sven-pfeiffer\/\">Pfeiffer, Sven<\/a><br\/><a data-alpha=\"P\" href=\"https:\/\/berlinup.books.tu-berlin.de\/en\/autor_innen\/lara-pohle\/\">Pohle, Lara<\/a><br\/><a data-alpha=\"P\" href=\"https:\/\/berlinup.books.tu-berlin.de\/en\/autor_innen\/burkhard-priemer\/\">Priemer, Burkhard<\/a><br\/><br><\/div><div class='author-link' data-alpha-cat='R'>R<br><a data-alpha=\"R\" href=\"https:\/\/berlinup.books.tu-berlin.de\/en\/autor_innen\/stefan-rettich\/\">Rettich, Stefan<\/a><br\/><a data-alpha=\"R\" href=\"https:\/\/berlinup.books.tu-berlin.de\/en\/autor_innen\/lars-ribbe\/\">Ribbe, Lars<\/a><br\/><br><\/div><div class='author-link' data-alpha-cat='S'>S<br><a data-alpha=\"S\" href=\"https:\/\/berlinup.books.tu-berlin.de\/en\/autor_innen\/anke-schmidt\/\">Schmidt, Anke<\/a><br\/><a data-alpha=\"S\" href=\"https:\/\/berlinup.books.tu-berlin.de\/en\/autor_innen\/christoph-schneider\/\">Schneider, Christoph<\/a><br\/><a data-alpha=\"S\" href=\"https:\/\/berlinup.books.tu-berlin.de\/en\/autor_innen\/roland-schroeder\/\">Schr\u00f6der, Roland<\/a><br\/><a data-alpha=\"S\" href=\"https:\/\/berlinup.books.tu-berlin.de\/en\/autor_innen\/jenny-schroedl\/\">Schr\u00f6dl, Jenny<\/a><br\/><a data-alpha=\"S\" href=\"https:\/\/berlinup.books.tu-berlin.de\/en\/autor_innen\/wolfgang-schaeffner\/\">Sch\u00e4ffner, Wolfgang<\/a><br\/><a data-alpha=\"S\" href=\"https:\/\/berlinup.books.tu-berlin.de\/en\/autor_innen\/lisa-frederike-seidler\/\">Seidler, Lisa-Frederike<\/a><br\/><a data-alpha=\"S\" href=\"https:\/\/berlinup.books.tu-berlin.de\/en\/autor_innen\/joerg-stollmann\/\">Stollmann, J\u00f6rg<\/a><br\/><br><\/div><div class='author-link' data-alpha-cat='T'>T<br><a data-alpha=\"T\" href=\"https:\/\/berlinup.books.tu-berlin.de\/en\/autor_innen\/sabine-tastel\/\">Tastel, Sabine<\/a><br\/><a data-alpha=\"T\" href=\"https:\/\/berlinup.books.tu-berlin.de\/en\/autor_innen\/daniel-toepper\/\">T\u00f6pper, Daniel<\/a><br\/><br><\/div><div class='author-link' data-alpha-cat='U'>U<br><a data-alpha=\"U\" href=\"https:\/\/berlinup.books.tu-berlin.de\/en\/autor_innen\/niels-uhlendorf\/\">Uhlendorf, Niels<\/a><br\/><a data-alpha=\"U\" href=\"https:\/\/berlinup.books.tu-berlin.de\/en\/autor_innen\/gerald-h-urban\/\">Urban, Gerald A.<\/a><br\/><br><\/div><div class='author-link' data-alpha-cat='V'>V<br><a data-alpha=\"V\" href=\"https:\/\/berlinup.books.tu-berlin.de\/en\/autor_innen\/christian-villum\/\">Villum, Christian<\/a><br\/><a data-alpha=\"V\" href=\"https:\/\/berlinup.books.tu-berlin.de\/en\/autor_innen\/jan-niklas-voigt-antons\/\">Voigt-Antons, Jan-Niklas<\/a><br\/><br><\/div><div class='author-link' data-alpha-cat='W'>W<br><a data-alpha=\"W\" href=\"https:\/\/berlinup.books.tu-berlin.de\/en\/autor_innen\/carina-wagner\/\">Wagner, Carina<\/a><br\/><a data-alpha=\"W\" href=\"https:\/\/berlinup.books.tu-berlin.de\/en\/autor_innen\/thore-walch\/\">Walch, Thore<\/a><br\/><a data-alpha=\"W\" href=\"https:\/\/berlinup.books.tu-berlin.de\/en\/autor_innen\/matthias-warstat\/\">Warstat, Matthias<\/a><br\/><a data-alpha=\"W\" href=\"https:\/\/berlinup.books.tu-berlin.de\/en\/autor_innen\/julia-weber\/\">Weber, Julia<\/a><br\/><a data-alpha=\"W\" href=\"https:\/\/berlinup.books.tu-berlin.de\/en\/autor_innen\/juergen-weidinger\/\">Weidinger, J\u00fcrgen<\/a><br\/><a data-alpha=\"W\" href=\"https:\/\/berlinup.books.tu-berlin.de\/en\/autor_innen\/kristin-wellner\/\">Wellner, Kristin<\/a><br\/><a data-alpha=\"W\" href=\"https:\/\/berlinup.books.tu-berlin.de\/en\/autor_innen\/ania-wilk-pham\/\">Wilk-Pham, Ania<\/a><br\/><a data-alpha=\"W\" href=\"https:\/\/berlinup.books.tu-berlin.de\/en\/autor_innen\/emanuel-willert\/\">Willert, Emanuel<\/a><br\/><a data-alpha=\"W\" href=\"https:\/\/berlinup.books.tu-berlin.de\/en\/autor_innen\/stefan-wolf\/\">Wolf, Stefan<\/a><br\/><br><\/div><div class='author-link' data-alpha-cat='Z'>Z<br><a data-alpha=\"Z\" href=\"https:\/\/berlinup.books.tu-berlin.de\/en\/autor_innen\/nicky-zunker\/\">Zunker, Nicky<\/a><br\/><br><\/div><\/div>\n","protected":false},"excerpt":{"rendered":"","protected":false},"author":1,"featured_media":0,"parent":0,"menu_order":0,"comment_status":"closed","ping_status":"closed","template":"","meta":{"_acf_changed":false,"footnotes":""},"class_list":["post-4982","page","type-page","status-publish","hentry"],"acf":[],"_links":{"self":[{"href":"https:\/\/berlinup.books.tu-berlin.de\/en\/wp-json\/wp\/v2\/pages\/4982","targetHints":{"allow":["GET"]}}],"collection":[{"href":"https:\/\/berlinup.books.tu-berlin.de\/en\/wp-json\/wp\/v2\/pages"}],"about":[{"href":"https:\/\/berlinup.books.tu-berlin.de\/en\/wp-json\/wp\/v2\/types\/page"}],"author":[{"embeddable":true,"href":"https:\/\/berlinup.books.tu-berlin.de\/en\/wp-json\/wp\/v2\/users\/1"}],"replies":[{"embeddable":true,"href":"https:\/\/berlinup.books.tu-berlin.de\/en\/wp-json\/wp\/v2\/comments?post=4982"}],"version-history":[{"count":4,"href":"https:\/\/berlinup.books.tu-berlin.de\/en\/wp-json\/wp\/v2\/pages\/4982\/revisions"}],"predecessor-version":[{"id":5046,"href":"https:\/\/berlinup.books.tu-berlin.de\/en\/wp-json\/wp\/v2\/pages\/4982\/revisions\/5046"}],"wp:attachment":[{"href":"https:\/\/berlinup.books.tu-berlin.de\/en\/wp-json\/wp\/v2\/media?parent=4982"}],"curies":[{"name":"wp","href":"https:\/\/api.w.org\/{rel}","templated":true}]}}