{"id":7564,"date":"2020-12-10T10:06:35","date_gmt":"2020-12-10T09:06:35","guid":{"rendered":"https:\/\/verlag.tu-berlin.de\/?page_id=7564"},"modified":"2021-05-17T13:15:12","modified_gmt":"2021-05-17T11:15:12","slug":"voranfrage-fuer-die-veroeffentlichung-im-universitaetsverlag-der-tu","status":"publish","type":"page","link":"https:\/\/berlinup.books.tu-berlin.de\/en\/voranfrage-fuer-die-veroeffentlichung-im-universitaetsverlag-der-tu\/","title":{"rendered":"Voranfrage f\u00fcr die Ver\u00f6ffentlichung im Universit\u00e4tsverlag der TU"},"content":{"rendered":"<p class=\"qtranxs-available-languages-message qtranxs-available-languages-message-en\">Sorry, this entry is only available in <a href=\"https:\/\/berlinup.books.tu-berlin.de\/de\/wp-json\/wp\/v2\/pages\/7564\" class=\"qtranxs-available-language-link qtranxs-available-language-link-de\" title=\"Deutsch\">Deutsch<\/a>.<\/p>","protected":false},"excerpt":{"rendered":"<p>Sorry, this entry is only available in Deutsch.<\/p>\n","protected":false},"author":1,"featured_media":0,"parent":0,"menu_order":0,"comment_status":"closed","ping_status":"closed","template":"","meta":{"_acf_changed":false,"footnotes":""},"class_list":["post-7564","page","type-page","status-publish","hentry"],"acf":[],"_links":{"self":[{"href":"https:\/\/berlinup.books.tu-berlin.de\/en\/wp-json\/wp\/v2\/pages\/7564","targetHints":{"allow":["GET"]}}],"collection":[{"href":"https:\/\/berlinup.books.tu-berlin.de\/en\/wp-json\/wp\/v2\/pages"}],"about":[{"href":"https:\/\/berlinup.books.tu-berlin.de\/en\/wp-json\/wp\/v2\/types\/page"}],"author":[{"embeddable":true,"href":"https:\/\/berlinup.books.tu-berlin.de\/en\/wp-json\/wp\/v2\/users\/1"}],"replies":[{"embeddable":true,"href":"https:\/\/berlinup.books.tu-berlin.de\/en\/wp-json\/wp\/v2\/comments?post=7564"}],"version-history":[{"count":9,"href":"https:\/\/berlinup.books.tu-berlin.de\/en\/wp-json\/wp\/v2\/pages\/7564\/revisions"}],"predecessor-version":[{"id":8033,"href":"https:\/\/berlinup.books.tu-berlin.de\/en\/wp-json\/wp\/v2\/pages\/7564\/revisions\/8033"}],"wp:attachment":[{"href":"https:\/\/berlinup.books.tu-berlin.de\/en\/wp-json\/wp\/v2\/media?parent=7564"}],"curies":[{"name":"wp","href":"https:\/\/api.w.org\/{rel}","templated":true}]}}